{"id":40548,"date":"2020-05-31T13:58:57","date_gmt":"2020-05-31T11:58:57","guid":{"rendered":"https:\/\/fisiogemma.com\/pide-tu-cita\/"},"modified":"2025-04-02T19:27:16","modified_gmt":"2025-04-02T17:27:16","slug":"demana-la-teva-cita","status":"publish","type":"page","link":"https:\/\/fisiogemma.com\/ca\/demana-la-teva-cita\/","title":{"rendered":"Demana la teva cita"},"content":{"rendered":"\t\t<div data-elementor-type=\"wp-page\" data-elementor-id=\"40548\" class=\"elementor elementor-40548 elementor-28479\">\n\t\t\t\t<div class=\"elementor-element elementor-element-b2e2b6c e-con-full e-flex cmsmasters-block-default e-con e-parent\" data-id=\"b2e2b6c\" data-element_type=\"container\" data-settings=\"{&quot;background_background&quot;:&quot;classic&quot;}\">\n\t\t<div class=\"elementor-element elementor-element-c0ee89d e-flex e-con-boxed cmsmasters-bg-hide-none cmsmasters-bg-hide-none cmsmasters-block-default e-con e-child\" data-id=\"c0ee89d\" data-element_type=\"container\" data-settings=\"{&quot;background_background&quot;:&quot;classic&quot;}\">\n\t\t\t\t\t<div class=\"e-con-inner\">\n\t\t\t\t<div class=\"elementor-element elementor-element-bcfb1d9 cmsmasters-block-default cmsmasters-sticky-default elementor-widget elementor-widget-heading\" data-id=\"bcfb1d9\" data-element_type=\"widget\" data-widget_type=\"heading.default\">\n\t\t\t\t<div class=\"elementor-widget-container\">\n\t\t\t\t\t<h6 class=\"elementor-heading-title elementor-size-default\">Vine a FISIOGEMMA<\/h6>\t\t\t\t<\/div>\n\t\t\t\t<\/div>\n\t\t\t\t<div class=\"elementor-element elementor-element-d450d15 elementor-widget__width-initial cmsmasters-block-default cmsmasters-sticky-default elementor-widget elementor-widget-heading\" data-id=\"d450d15\" data-element_type=\"widget\" data-widget_type=\"heading.default\">\n\t\t\t\t<div class=\"elementor-widget-container\">\n\t\t\t\t\t<h1 class=\"elementor-heading-title elementor-size-default\">Reserva la teva cita<\/h1>\t\t\t\t<\/div>\n\t\t\t\t<\/div>\n\t\t\t\t<div class=\"elementor-element elementor-element-d9b8e96 elementor-widget__width-initial cmsmasters-block-default cmsmasters-sticky-default elementor-widget elementor-widget-text-editor\" data-id=\"d9b8e96\" data-element_type=\"widget\" data-widget_type=\"text-editor.default\">\n\t\t\t\t<div class=\"elementor-widget-container\">\n\t\t\t\t\t\t\t\t\tAtenci\u00f3 personalitzada, t\u00e8cniques avan\u00e7ades i un enfocament integral per al teu benestar. T\u2019ajudem a alleujar el dolor, millorar la teva mobilitat i recuperar l\u2019equilibri.\t\t\t\t\t\t\t\t<\/div>\n\t\t\t\t<\/div>\n\t\t\t\t\t<\/div>\n\t\t\t\t<\/div>\n\t\t\t\t<\/div>\n\t\t<div class=\"elementor-element elementor-element-e4fbb17 e-flex e-con-boxed cmsmasters-block-default e-con e-parent\" data-id=\"e4fbb17\" data-element_type=\"container\">\n\t\t\t\t\t<div class=\"e-con-inner\">\n\t\t<div class=\"elementor-element elementor-element-5b947cd e-con-full e-flex cmsmasters-block-default e-con e-child\" data-id=\"5b947cd\" data-element_type=\"container\" data-settings=\"{&quot;background_background&quot;:&quot;classic&quot;}\">\n\t\t\t\t<div class=\"elementor-element elementor-element-8561547 cmsmasters-block-default cmsmasters-sticky-default elementor-widget elementor-widget-heading\" data-id=\"8561547\" data-element_type=\"widget\" data-widget_type=\"heading.default\">\n\t\t\t\t<div class=\"elementor-widget-container\">\n\t\t\t\t\t<h2 class=\"elementor-heading-title elementor-size-default\">Sol\u00b7licita la teva cita<\/h2>\t\t\t\t<\/div>\n\t\t\t\t<\/div>\n\t\t\t\t<div class=\"elementor-element elementor-element-6ab1c96 cmsmasters-block-default cmsmasters-sticky-default elementor-widget elementor-widget-text-editor\" data-id=\"6ab1c96\" data-element_type=\"widget\" data-widget_type=\"text-editor.default\">\n\t\t\t\t<div class=\"elementor-widget-container\">\n\t\t\t\t\t\t\t\t\tOmple aquest formulari i ens posarem en contacte amb tu per formalitzar una cita.\t\t\t\t\t\t\t\t<\/div>\n\t\t\t\t<\/div>\n\t\t\t\t<div class=\"elementor-element elementor-element-b5c620b cmsmasters-block-default cmsmasters-sticky-default elementor-widget elementor-widget-cmsmasters-forminator\" data-id=\"b5c620b\" data-element_type=\"widget\" data-settings=\"{&quot;form_list&quot;:&quot;40611&quot;}\" data-widget_type=\"cmsmasters-forminator.default\">\n\t\t\t\t<div class=\"elementor-widget-container\">\n\t\t\t\t\t<div class=\"elementor-widget-cmsmasters-contact-form__wrapper elementor-widget-cmsmasters-contact-form cmsmasters-default-color cmsmasters-default-font\" id=\"cmsmasters-widget-form-b5c620b\">\n\t\t\t<div class=\"elementor-widget-cmsmasters-contact-form__inner\"><div class=\"forminator-ui forminator-custom-form forminator-custom-form-40611 forminator-design--default forminator-custom forminator_ajax\" data-forminator-render=\"0\" data-form=\"forminator-module-40611\" data-uid=\"69e21070b15d3\"><br\/><\/div><form\n\t\t\t\tid=\"forminator-module-40611\"\n\t\t\t\tclass=\"forminator-ui forminator-custom-form forminator-custom-form-40611 forminator-design--default forminator-custom forminator_ajax\"\n\t\t\t\tmethod=\"post\"\n\t\t\t\tdata-forminator-render=\"0\"\n\t\t\t\tdata-form-id=\"40611\"\n\t\t\t\t\n\t\t\t\tdata-design=\"default\"\n\t\t\t\t\n\t\t\t\t\n\t\t\t\t\n\t\t\t\tdata-grid=\"custom\"\n\t\t\t\t\n\t\t\t\t\n\t\t\t\tstyle=\"display: none;\"\n\t\t\t\t\n\t\t\t\tdata-uid=\"69e21070b15d3\"\n\t\t\t><div role=\"alert\" aria-live=\"polite\" class=\"forminator-response-message forminator-error\" aria-hidden=\"true\"><\/div><div class=\"forminator-row\"><div id=\"name-1\" class=\"forminator-field-name forminator-col forminator-col-12 \"><div class=\"forminator-field\"><label for=\"forminator-field-name-1_69e21070b15d3\" id=\"forminator-field-name-1_69e21070b15d3-label\" class=\"forminator-label\">Nombre <span class=\"forminator-required\">*<\/span><\/label><input type=\"text\" name=\"name-1\" value=\"\" placeholder=\"Nom complet\" id=\"forminator-field-name-1_69e21070b15d3\" class=\"forminator-input forminator-name--field\" aria-required=\"true\" \/><\/div><\/div><\/div><div class=\"forminator-row\"><div id=\"email-1\" class=\"forminator-field-email forminator-col forminator-col-6 \"><div class=\"forminator-field\"><label for=\"forminator-field-email-1_69e21070b15d3\" id=\"forminator-field-email-1_69e21070b15d3-label\" class=\"forminator-label\">Email <span class=\"forminator-required\">*<\/span><\/label><input type=\"email\" name=\"email-1\" value=\"\" placeholder=\"Correu electr\u00f2nic\" id=\"forminator-field-email-1_69e21070b15d3\" class=\"forminator-input forminator-email--field\" data-required=\"1\" aria-required=\"true\" \/><\/div><\/div><div id=\"phone-1\" class=\"forminator-field-phone forminator-col forminator-col-6 \"><div class=\"forminator-field\"><label for=\"forminator-field-phone-1_69e21070b15d3\" id=\"forminator-field-phone-1_69e21070b15d3-label\" class=\"forminator-label\">Tel\u00e9fono<\/label><input type=\"text\" name=\"phone-1\" value=\"\" placeholder=\"Tel\u00e8fon\" id=\"forminator-field-phone-1_69e21070b15d3\" class=\"forminator-input forminator-field--phone\" data-required=\"\" aria-required=\"false\" autocomplete=\"off\" \/><\/div><\/div><\/div><div class=\"forminator-row\"><div id=\"select-1\" class=\"forminator-field-select forminator-col forminator-col-6 \"><div class=\"forminator-field\"><label for=\"forminator-form-40611__field--select-1_69e21070b15d3\" id=\"forminator-form-40611__field--select-1_69e21070b15d3-label\" class=\"forminator-label\">Servei<\/label><select  id=\"forminator-form-40611__field--select-1_69e21070b15d3\" class=\"forminator-select--field forminator-select2 forminator-select2-multiple\" data-required=\"\" name=\"select-1\" data-default-value=\"\" data-placeholder=\"Selecciona un servei\" data-search=\"false\" data-search-placeholder=\"Selecciona un servei\" data-checkbox=\"false\" data-allow-clear=\"false\" aria-labelledby=\"forminator-form-40611__field--select-1_69e21070b15d3-label\"><option value=\"\"  >Selecciona un servei<\/option><option value=\"terapia-manual\"  data-calculation=\"0\">Fisioter\u00e0pia est\u00e8tica dermatofuncional<\/option><option value=\"drenaje-linfatico\"  data-calculation=\"0\">Neuromodulaci\u00f3 NESA<\/option><option value=\"pilates\"  data-calculation=\"0\">Indiba<\/option><option value=\"osteopatia\"  data-calculation=\"0\">Punci\u00f3 seca<\/option><option value=\"masaje\"  data-calculation=\"0\">Ter\u00e0pia manual<\/option><option value=\"acupuntura\"  data-calculation=\"0\">Presoter\u00e0pia Novasonix<\/option><\/select><\/div><\/div><div id=\"select-2\" class=\"forminator-field-select forminator-col forminator-col-6 \"><div class=\"forminator-field\"><label for=\"forminator-form-40611__field--select-2_69e21070b15d3\" id=\"forminator-form-40611__field--select-2_69e21070b15d3-label\" class=\"forminator-label\">Mat\u00ed o tarda<\/label><select  id=\"forminator-form-40611__field--select-2_69e21070b15d3\" class=\"forminator-select--field forminator-select2 forminator-select2-multiple\" data-required=\"\" name=\"select-2\" data-default-value=\"\" data-hidden-behavior=\"zero\" data-placeholder=\"\" data-search=\"false\" data-search-placeholder=\"\" data-checkbox=\"false\" data-allow-clear=\"false\" aria-labelledby=\"forminator-form-40611__field--select-2_69e21070b15d3-label\"><option value=\"one\"  data-calculation=\"0\">Mat\u00ed<\/option><option value=\"two\"  data-calculation=\"0\">Tarda<\/option><\/select><\/div><\/div><\/div><input type=\"hidden\" name=\"referer_url\" value=\"\" \/><div class=\"forminator-row forminator-row-last\"><div class=\"forminator-col\"><div class=\"forminator-field\"><button class=\"forminator-button forminator-button-submit\">Enviar<\/button><\/div><\/div><\/div><input type=\"hidden\" id=\"forminator_nonce\" name=\"forminator_nonce\" value=\"d561399f10\" \/><input type=\"hidden\" name=\"_wp_http_referer\" value=\"\/ca\/wp-json\/wp\/v2\/pages\/40548\" \/><input type=\"hidden\" name=\"form_id\" value=\"40611\"><input type=\"hidden\" name=\"page_id\" value=\"40548\"><input type=\"hidden\" name=\"form_type\" value=\"default\"><input type=\"hidden\" name=\"current_url\" value=\"https:\/\/fisiogemma.com\/ca\/demana-la-teva-cita\/\"><input type=\"hidden\" name=\"render_id\" value=\"0\"><input type=\"hidden\" name=\"action\" value=\"forminator_submit_form_custom-forms\"><\/form><\/div>\n\t\t<\/div>\t\t\t\t<\/div>\n\t\t\t\t<\/div>\n\t\t\t\t<\/div>\n\t\t<div class=\"elementor-element elementor-element-d498541 elementor-hidden-tablet elementor-hidden-phone e-con-full e-flex cmsmasters-bg-hide-none cmsmasters-bg-hide-none cmsmasters-block-default e-con e-child\" data-id=\"d498541\" data-element_type=\"container\" data-settings=\"{&quot;background_background&quot;:&quot;classic&quot;}\">\n\t\t\t\t<div class=\"elementor-element elementor-element-01cb58c cmsmasters-block-default cmsmasters-sticky-default elementor-widget elementor-widget-spacer\" data-id=\"01cb58c\" data-element_type=\"widget\" data-widget_type=\"spacer.default\">\n\t\t\t\t<div class=\"elementor-widget-container\">\n\t\t\t\t\t\t\t<div class=\"elementor-spacer\">\n\t\t\t<div class=\"elementor-spacer-inner\"><\/div>\n\t\t<\/div>\n\t\t\t\t\t\t<\/div>\n\t\t\t\t<\/div>\n\t\t\t\t<\/div>\n\t\t\t\t\t<\/div>\n\t\t\t\t<\/div>\n\t\t\t\t<\/div>\n\t\t","protected":false},"excerpt":{"rendered":"<p>Vine a FISIOGEMMA Reserva la teva cita Atenci\u00f3 personalitzada, t\u00e8cniques avan\u00e7ades i un enfocament integral per al teu benestar. T\u2019ajudem a alleujar el dolor, millorar la teva mobilitat i recuperar l\u2019equilibri. Sol\u00b7licita la teva cita Omple aquest formulari i ens posarem en contacte amb tu per formalitzar una cita.<\/p>\n","protected":false},"author":1,"featured_media":0,"parent":0,"menu_order":0,"comment_status":"closed","ping_status":"closed","template":"","meta":{"_acf_changed":false,"footnotes":""},"class_list":["post-40548","page","type-page","status-publish","hentry"],"acf":[],"yoast_head":"<!-- This site is optimized with the Yoast SEO Premium plugin v25.0 (Yoast SEO v25.0) - https:\/\/yoast.com\/wordpress\/plugins\/seo\/ -->\n<title>Demana la teva cita - FisioGemma<\/title>\n<meta name=\"description\" content=\"Agenda tu cita en FisioGemma y elige el tratamiento ideal para cuidar tu salud en nuestro centro de fisioterapia en Barcelona.\" \/>\n<meta name=\"robots\" content=\"index, follow, max-snippet:-1, max-image-preview:large, max-video-preview:-1\" \/>\n<link rel=\"canonical\" href=\"https:\/\/fisiogemma.com\/ca\/demana-la-teva-cita\/\" \/>\n<meta property=\"og:locale\" content=\"ca_ES\" \/>\n<meta property=\"og:type\" content=\"article\" \/>\n<meta property=\"og:title\" content=\"Demana la teva cita\" \/>\n<meta property=\"og:description\" content=\"Agenda tu cita en FisioGemma y elige el tratamiento ideal para cuidar tu salud en nuestro centro de fisioterapia en Barcelona.\" \/>\n<meta property=\"og:url\" content=\"https:\/\/fisiogemma.com\/ca\/demana-la-teva-cita\/\" \/>\n<meta property=\"og:site_name\" content=\"FisioGemma\" \/>\n<meta property=\"article:publisher\" content=\"https:\/\/www.facebook.com\/Fisiogemma\" \/>\n<meta property=\"article:modified_time\" content=\"2025-04-02T17:27:16+00:00\" \/>\n<meta property=\"og:image\" content=\"https:\/\/fisiogemma.com\/wp-content\/uploads\/2025\/05\/fisiogemma-card-scaled.jpg\" \/>\n\t<meta property=\"og:image:width\" content=\"2560\" \/>\n\t<meta property=\"og:image:height\" content=\"1463\" \/>\n\t<meta property=\"og:image:type\" content=\"image\/jpeg\" \/>\n<meta name=\"twitter:card\" content=\"summary_large_image\" \/>\n<script type=\"application\/ld+json\" class=\"yoast-schema-graph\">{\"@context\":\"https:\/\/schema.org\",\"@graph\":[{\"@type\":\"WebPage\",\"@id\":\"https:\/\/fisiogemma.com\/ca\/demana-la-teva-cita\/\",\"url\":\"https:\/\/fisiogemma.com\/ca\/demana-la-teva-cita\/\",\"name\":\"Demana la teva cita - FisioGemma\",\"isPartOf\":{\"@id\":\"https:\/\/fisiogemma.com\/ca\/#website\"},\"datePublished\":\"2020-05-31T11:58:57+00:00\",\"dateModified\":\"2025-04-02T17:27:16+00:00\",\"description\":\"Agenda tu cita en FisioGemma y elige el tratamiento ideal para cuidar tu salud en nuestro centro de fisioterapia en Barcelona.\",\"breadcrumb\":{\"@id\":\"https:\/\/fisiogemma.com\/ca\/demana-la-teva-cita\/#breadcrumb\"},\"inLanguage\":\"ca\",\"potentialAction\":[{\"@type\":\"ReadAction\",\"target\":[\"https:\/\/fisiogemma.com\/ca\/demana-la-teva-cita\/\"]}]},{\"@type\":\"BreadcrumbList\",\"@id\":\"https:\/\/fisiogemma.com\/ca\/demana-la-teva-cita\/#breadcrumb\",\"itemListElement\":[{\"@type\":\"ListItem\",\"position\":1,\"name\":\"Portada\",\"item\":\"https:\/\/fisiogemma.com\/ca\/\"},{\"@type\":\"ListItem\",\"position\":2,\"name\":\"Demana la teva cita\"}]},{\"@type\":\"WebSite\",\"@id\":\"https:\/\/fisiogemma.com\/ca\/#website\",\"url\":\"https:\/\/fisiogemma.com\/ca\/\",\"name\":\"FisioGemma\",\"description\":\"FisioGemma, centro de fisioterapia en Barcelona, ofrece tratamientos personalizados y de rehabilitaci\u00f3n funcional e integrativa para mejorar tu salud y bienestar.\",\"publisher\":{\"@id\":\"https:\/\/fisiogemma.com\/ca\/#organization\"},\"potentialAction\":[{\"@type\":\"SearchAction\",\"target\":{\"@type\":\"EntryPoint\",\"urlTemplate\":\"https:\/\/fisiogemma.com\/ca\/?s={search_term_string}\"},\"query-input\":{\"@type\":\"PropertyValueSpecification\",\"valueRequired\":true,\"valueName\":\"search_term_string\"}}],\"inLanguage\":\"ca\"},{\"@type\":[\"Organization\",\"Place\",\"Physiotherapy\"],\"@id\":\"https:\/\/fisiogemma.com\/ca\/#organization\",\"name\":\"FisioGemma\",\"url\":\"https:\/\/fisiogemma.com\/ca\/\",\"logo\":{\"@id\":\"https:\/\/fisiogemma.com\/ca\/demana-la-teva-cita\/#local-main-organization-logo\"},\"image\":{\"@id\":\"https:\/\/fisiogemma.com\/ca\/demana-la-teva-cita\/#local-main-organization-logo\"},\"sameAs\":[\"https:\/\/www.facebook.com\/Fisiogemma\",\"https:\/\/www.instagram.com\/fisiogemma_fg\/\"],\"address\":{\"@id\":\"https:\/\/fisiogemma.com\/ca\/demana-la-teva-cita\/#local-main-place-address\"},\"geo\":{\"@type\":\"GeoCoordinates\",\"latitude\":\"41.37913235614368\",\"longitude\":\"2.1277126423288717\"},\"telephone\":[\"+34628247353\",\"+34933487982\"],\"openingHoursSpecification\":[{\"@type\":\"OpeningHoursSpecification\",\"dayOfWeek\":[\"Monday\",\"Tuesday\",\"Wednesday\",\"Thursday\"],\"opens\":\"09:00\",\"closes\":\"20:00\"},{\"@type\":\"OpeningHoursSpecification\",\"dayOfWeek\":[\"Friday\"],\"opens\":\"09:00\",\"closes\":\"13:00\"},{\"@type\":\"OpeningHoursSpecification\",\"dayOfWeek\":[\"Saturday\",\"Sunday\"],\"opens\":\"00:00\",\"closes\":\"00:00\"}],\"email\":\"gemma@fisiogemma.com\",\"priceRange\":\"$$\"},{\"@type\":\"PostalAddress\",\"@id\":\"https:\/\/fisiogemma.com\/ca\/demana-la-teva-cita\/#local-main-place-address\",\"streetAddress\":\"Carrer del Comandant Ben\u00edtez, 7, baixos\",\"addressLocality\":\"Barcelona\",\"postalCode\":\"08028\",\"addressCountry\":\"ES\"},{\"@type\":\"ImageObject\",\"inLanguage\":\"ca\",\"@id\":\"https:\/\/fisiogemma.com\/ca\/demana-la-teva-cita\/#local-main-organization-logo\",\"url\":\"https:\/\/fisiogemma.com\/wp-content\/uploads\/2025\/02\/fisiogemma-favicon.png\",\"contentUrl\":\"https:\/\/fisiogemma.com\/wp-content\/uploads\/2025\/02\/fisiogemma-favicon.png\",\"width\":512,\"height\":512,\"caption\":\"FisioGemma\"}]}<\/script>\n<meta name=\"geo.placename\" content=\"Barcelona\" \/>\n<meta name=\"geo.position\" content=\"41.37913235614368;2.1277126423288717\" \/>\n<meta name=\"geo.region\" content=\"Espanya\" \/>\n<!-- \/ Yoast SEO Premium plugin. -->","yoast_head_json":{"title":"Demana la teva cita - FisioGemma","description":"Agenda tu cita en FisioGemma y elige el tratamiento ideal para cuidar tu salud en nuestro centro de fisioterapia en Barcelona.","robots":{"index":"index","follow":"follow","max-snippet":"max-snippet:-1","max-image-preview":"max-image-preview:large","max-video-preview":"max-video-preview:-1"},"canonical":"https:\/\/fisiogemma.com\/ca\/demana-la-teva-cita\/","og_locale":"ca_ES","og_type":"article","og_title":"Demana la teva cita","og_description":"Agenda tu cita en FisioGemma y elige el tratamiento ideal para cuidar tu salud en nuestro centro de fisioterapia en Barcelona.","og_url":"https:\/\/fisiogemma.com\/ca\/demana-la-teva-cita\/","og_site_name":"FisioGemma","article_publisher":"https:\/\/www.facebook.com\/Fisiogemma","article_modified_time":"2025-04-02T17:27:16+00:00","og_image":[{"width":2560,"height":1463,"url":"https:\/\/fisiogemma.com\/wp-content\/uploads\/2025\/05\/fisiogemma-card-scaled.jpg","type":"image\/jpeg"}],"twitter_card":"summary_large_image","schema":{"@context":"https:\/\/schema.org","@graph":[{"@type":"WebPage","@id":"https:\/\/fisiogemma.com\/ca\/demana-la-teva-cita\/","url":"https:\/\/fisiogemma.com\/ca\/demana-la-teva-cita\/","name":"Demana la teva cita - FisioGemma","isPartOf":{"@id":"https:\/\/fisiogemma.com\/ca\/#website"},"datePublished":"2020-05-31T11:58:57+00:00","dateModified":"2025-04-02T17:27:16+00:00","description":"Agenda tu cita en FisioGemma y elige el tratamiento ideal para cuidar tu salud en nuestro centro de fisioterapia en Barcelona.","breadcrumb":{"@id":"https:\/\/fisiogemma.com\/ca\/demana-la-teva-cita\/#breadcrumb"},"inLanguage":"ca","potentialAction":[{"@type":"ReadAction","target":["https:\/\/fisiogemma.com\/ca\/demana-la-teva-cita\/"]}]},{"@type":"BreadcrumbList","@id":"https:\/\/fisiogemma.com\/ca\/demana-la-teva-cita\/#breadcrumb","itemListElement":[{"@type":"ListItem","position":1,"name":"Portada","item":"https:\/\/fisiogemma.com\/ca\/"},{"@type":"ListItem","position":2,"name":"Demana la teva cita"}]},{"@type":"WebSite","@id":"https:\/\/fisiogemma.com\/ca\/#website","url":"https:\/\/fisiogemma.com\/ca\/","name":"FisioGemma","description":"FisioGemma, centro de fisioterapia en Barcelona, ofrece tratamientos personalizados y de rehabilitaci\u00f3n funcional e integrativa para mejorar tu salud y bienestar.","publisher":{"@id":"https:\/\/fisiogemma.com\/ca\/#organization"},"potentialAction":[{"@type":"SearchAction","target":{"@type":"EntryPoint","urlTemplate":"https:\/\/fisiogemma.com\/ca\/?s={search_term_string}"},"query-input":{"@type":"PropertyValueSpecification","valueRequired":true,"valueName":"search_term_string"}}],"inLanguage":"ca"},{"@type":["Organization","Place","Physiotherapy"],"@id":"https:\/\/fisiogemma.com\/ca\/#organization","name":"FisioGemma","url":"https:\/\/fisiogemma.com\/ca\/","logo":{"@id":"https:\/\/fisiogemma.com\/ca\/demana-la-teva-cita\/#local-main-organization-logo"},"image":{"@id":"https:\/\/fisiogemma.com\/ca\/demana-la-teva-cita\/#local-main-organization-logo"},"sameAs":["https:\/\/www.facebook.com\/Fisiogemma","https:\/\/www.instagram.com\/fisiogemma_fg\/"],"address":{"@id":"https:\/\/fisiogemma.com\/ca\/demana-la-teva-cita\/#local-main-place-address"},"geo":{"@type":"GeoCoordinates","latitude":"41.37913235614368","longitude":"2.1277126423288717"},"telephone":["+34628247353","+34933487982"],"openingHoursSpecification":[{"@type":"OpeningHoursSpecification","dayOfWeek":["Monday","Tuesday","Wednesday","Thursday"],"opens":"09:00","closes":"20:00"},{"@type":"OpeningHoursSpecification","dayOfWeek":["Friday"],"opens":"09:00","closes":"13:00"},{"@type":"OpeningHoursSpecification","dayOfWeek":["Saturday","Sunday"],"opens":"00:00","closes":"00:00"}],"email":"gemma@fisiogemma.com","priceRange":"$$"},{"@type":"PostalAddress","@id":"https:\/\/fisiogemma.com\/ca\/demana-la-teva-cita\/#local-main-place-address","streetAddress":"Carrer del Comandant Ben\u00edtez, 7, baixos","addressLocality":"Barcelona","postalCode":"08028","addressCountry":"ES"},{"@type":"ImageObject","inLanguage":"ca","@id":"https:\/\/fisiogemma.com\/ca\/demana-la-teva-cita\/#local-main-organization-logo","url":"https:\/\/fisiogemma.com\/wp-content\/uploads\/2025\/02\/fisiogemma-favicon.png","contentUrl":"https:\/\/fisiogemma.com\/wp-content\/uploads\/2025\/02\/fisiogemma-favicon.png","width":512,"height":512,"caption":"FisioGemma"}]},"geo.placename":"Barcelona","geo.position":{"lat":"41.37913235614368","long":"2.1277126423288717"},"geo.region":"Espanya"},"_links":{"self":[{"href":"https:\/\/fisiogemma.com\/ca\/wp-json\/wp\/v2\/pages\/40548","targetHints":{"allow":["GET"]}}],"collection":[{"href":"https:\/\/fisiogemma.com\/ca\/wp-json\/wp\/v2\/pages"}],"about":[{"href":"https:\/\/fisiogemma.com\/ca\/wp-json\/wp\/v2\/types\/page"}],"author":[{"embeddable":true,"href":"https:\/\/fisiogemma.com\/ca\/wp-json\/wp\/v2\/users\/1"}],"replies":[{"embeddable":true,"href":"https:\/\/fisiogemma.com\/ca\/wp-json\/wp\/v2\/comments?post=40548"}],"version-history":[{"count":0,"href":"https:\/\/fisiogemma.com\/ca\/wp-json\/wp\/v2\/pages\/40548\/revisions"}],"wp:attachment":[{"href":"https:\/\/fisiogemma.com\/ca\/wp-json\/wp\/v2\/media?parent=40548"}],"curies":[{"name":"wp","href":"https:\/\/api.w.org\/{rel}","templated":true}]}}